{"id":76,"date":"2017-10-10T23:16:38","date_gmt":"2017-10-10T20:16:38","guid":{"rendered":"https:\/\/socodor.ro\/?page_id=76"},"modified":"2017-10-11T13:17:47","modified_gmt":"2017-10-11T10:17:47","slug":"componenta-consiliului-local-socodor","status":"publish","type":"page","link":"https:\/\/socodor.ro\/index.php\/componenta-consiliului-local-socodor\/","title":{"rendered":"Consiliul Local Socodor &#8211; componen\u021ba"},"content":{"rendered":"<p><img loading=\"lazy\" decoding=\"async\" class=\"size-medium wp-image-69 aligncenter\" src=\"https:\/\/socodor.ro\/wp-content\/uploads\/2017\/10\/primaria-300x200.png\" alt=\"\" width=\"300\" height=\"200\" srcset=\"https:\/\/socodor.ro\/wp-content\/uploads\/2017\/10\/primaria-300x200.png 300w, https:\/\/socodor.ro\/wp-content\/uploads\/2017\/10\/primaria.png 600w\" sizes=\"auto, (max-width: 300px) 100vw, 300px\" \/><\/p>\n<h5 style=\"text-align: center;\">NE CEREM SCUZE, ACEAST\u0102 PAGIN\u0102 ESTE IN CONSTRUC\u021aIE<\/h5>\n<h5 style=\"text-align: center;\">V\u0102 RUG\u0102M S\u0102 REVENI\u021aI \u00ceN CUR\u00c2ND<\/h5>\n","protected":false},"excerpt":{"rendered":"<p>NE CEREM SCUZE, ACEAST\u0102 PAGIN\u0102 ESTE IN CONSTRUC\u021aIE V\u0102 RUG\u0102M S\u0102 REVENI\u021aI \u00ceN CUR\u00c2ND<\/p>\n","protected":false},"author":1,"featured_media":0,"parent":0,"menu_order":0,"comment_status":"closed","ping_status":"closed","template":"","meta":{"ngg_post_thumbnail":0,"generate_page_header":"","footnotes":""},"class_list":["post-76","page","type-page","status-publish"],"_links":{"self":[{"href":"https:\/\/socodor.ro\/index.php\/wp-json\/wp\/v2\/pages\/76","targetHints":{"allow":["GET"]}}],"collection":[{"href":"https:\/\/socodor.ro\/index.php\/wp-json\/wp\/v2\/pages"}],"about":[{"href":"https:\/\/socodor.ro\/index.php\/wp-json\/wp\/v2\/types\/page"}],"author":[{"embeddable":true,"href":"https:\/\/socodor.ro\/index.php\/wp-json\/wp\/v2\/users\/1"}],"replies":[{"embeddable":true,"href":"https:\/\/socodor.ro\/index.php\/wp-json\/wp\/v2\/comments?post=76"}],"version-history":[{"count":2,"href":"https:\/\/socodor.ro\/index.php\/wp-json\/wp\/v2\/pages\/76\/revisions"}],"predecessor-version":[{"id":163,"href":"https:\/\/socodor.ro\/index.php\/wp-json\/wp\/v2\/pages\/76\/revisions\/163"}],"wp:attachment":[{"href":"https:\/\/socodor.ro\/index.php\/wp-json\/wp\/v2\/media?parent=76"}],"curies":[{"name":"wp","href":"https:\/\/api.w.org\/{rel}","templated":true}]}}