{"id":5547,"date":"2024-05-25T10:35:18","date_gmt":"2024-05-25T07:35:18","guid":{"rendered":"https:\/\/socodor.ro\/?page_id=5547"},"modified":"2024-05-27T13:42:19","modified_gmt":"2024-05-27T10:42:19","slug":"biroul-electoral-de-circumscriptie-nr-57-socodor","status":"publish","type":"page","link":"https:\/\/socodor.ro\/index.php\/biroul-electoral-de-circumscriptie-nr-57-socodor\/","title":{"rendered":"Biroul electoral de circumscrip\u021bie nr. 57 &#8211; Socodor"},"content":{"rendered":"<p><a href=\"https:\/\/socodor.ro\/wp-content\/uploads\/2024\/04\/Logo-2-alageri-2024.jpg\"><img loading=\"lazy\" decoding=\"async\" class=\"aligncenter size-full wp-image-5551\" src=\"https:\/\/socodor.ro\/wp-content\/uploads\/2024\/04\/Logo-2-alageri-2024.jpg\" alt=\"\" width=\"1280\" height=\"220\" srcset=\"https:\/\/socodor.ro\/wp-content\/uploads\/2024\/04\/Logo-2-alageri-2024.jpg 1280w, https:\/\/socodor.ro\/wp-content\/uploads\/2024\/04\/Logo-2-alageri-2024-300x52.jpg 300w, https:\/\/socodor.ro\/wp-content\/uploads\/2024\/04\/Logo-2-alageri-2024-1024x176.jpg 1024w, https:\/\/socodor.ro\/wp-content\/uploads\/2024\/04\/Logo-2-alageri-2024-768x132.jpg 768w\" sizes=\"auto, (max-width: 1280px) 100vw, 1280px\" \/><\/a><\/p>\n<p style=\"text-align: center;\">Pre\u0219edinte: <strong>MIRON SIMONA<\/strong><\/p>\n<p style=\"text-align: center;\">Loc\u021biitor:&nbsp; <strong>CRI\u0218AN GHEORGHE<\/strong><\/p>\n<hr>\n<p style=\"text-align: center;\">Program de lucru: <strong>zilnic 09:00 \u2013 17:00<\/strong><\/p>\n<p style=\"text-align: center;\">Adresa:<strong> Comuna Socodor, str. 1, nr. 58<\/strong><\/p>\n<p style=\"text-align: center;\">Telefon&nbsp; <strong>0712002097<\/strong><\/p>\n<p style=\"text-align: center;\">Email:&nbsp; <strong>ar.socodor@bec.ro<\/strong><\/p>\n<p><strong>Procese -Verbale ala BEC nr. 57 &#8211; Socodor<\/strong><\/p>\n<ul>\n<li><a href=\"https:\/\/socodor.ro\/wp-content\/uploads\/2024\/05\/PV-afisare-buletine-anulate.pdf\">Proces-Verbal afi\u0219are buletine de vot anulate<\/a><\/li>\n<li><a href=\"https:\/\/socodor.ro\/wp-content\/uploads\/2024\/05\/Proces-verbal-privind-candidatura-finala.pdf\">Proces-verbal privind r\u0103m\u00e2nirea definitiv\u0103 a candidaturilor depuse pentru alegerile locale organizate \u00een data de 09.06.2024<\/a><\/li>\n<li><a href=\"https:\/\/socodor.ro\/wp-content\/uploads\/2024\/05\/Proces-verbal-completare-sectie-361.pdf\">Proces-verbal completare sec\u021bie 361<\/a><\/li>\n<li><a href=\"https:\/\/socodor.ro\/wp-content\/uploads\/2024\/05\/Proces-verbal-completare-sectie-362.pdf\">Proces verbal completare sec\u021bie 362<\/a><\/li>\n<\/ul>\n<p style=\"text-align: left;\"><strong>Hot\u0103r\u00e2ri ale BEC nr. 57 &#8211; Socodor<\/strong><\/p>\n<ul>\n<li><a href=\"https:\/\/socodor.ro\/wp-content\/uploads\/2024\/04\/hotarare-bec-57-NR-1.pdf\">Hot\u0103r\u00e2re bec 57 nr. 1;<\/a><\/li>\n<li><a href=\"https:\/\/socodor.ro\/wp-content\/uploads\/2024\/04\/hotarare-bec-57-NR-2.pdf\">Hot\u0103r\u00e2re bec 57 nr. 2<\/a>;<\/li>\n<li><a href=\"https:\/\/socodor.ro\/wp-content\/uploads\/2024\/04\/hotarare-bec-57-NR-3.pdf\">Hot\u0103r\u00e2re bec 57 nr. 3;<\/a><\/li>\n<li><a href=\"https:\/\/socodor.ro\/wp-content\/uploads\/2024\/04\/hotarare-bec-57-NR-4.pdf\">Hot\u0103r\u00e2re bec 57 nr. 4;<\/a><\/li>\n<li><a href=\"https:\/\/socodor.ro\/wp-content\/uploads\/2024\/04\/hotarare-bec-57-NR-5.pdf\">Hot\u0103r\u00e2re bec 57 nr. 5;<\/a><\/li>\n<li><a href=\"https:\/\/socodor.ro\/wp-content\/uploads\/2024\/04\/hotarare-bec-57-NR-6.pdf\">Hot\u0103r\u00e2re bec 57 nr. 6.<\/a><\/li>\n<\/ul>\n","protected":false},"excerpt":{"rendered":"<p>Pre\u0219edinte: MIRON SIMONA Loc\u021biitor:&nbsp; CRI\u0218AN GHEORGHE Program de lucru: zilnic 09:00 \u2013 17:00 Adresa: Comuna Socodor, str. 1, nr. 58 Telefon&nbsp; 0712002097 Email:&nbsp; ar.socodor@bec.ro Procese -Verbale ala BEC nr. 57 &#8211; Socodor Proces-Verbal afi\u0219are buletine de vot anulate Proces-verbal privind r\u0103m\u00e2nirea definitiv\u0103 a candidaturilor depuse pentru alegerile locale organizate \u00een data de 09.06.2024 Proces-verbal completare &#8230; <a title=\"Biroul electoral de circumscrip\u021bie nr. 57 &#8211; Socodor\" class=\"read-more\" href=\"https:\/\/socodor.ro\/index.php\/biroul-electoral-de-circumscriptie-nr-57-socodor\/\" aria-label=\"Cite\u0219te mai multe despre Biroul electoral de circumscrip\u021bie nr. 57 &#8211; Socodor\">mai mult&#8230;<\/a><\/p>\n","protected":false},"author":1,"featured_media":0,"parent":0,"menu_order":0,"comment_status":"closed","ping_status":"closed","template":"","meta":{"ngg_post_thumbnail":0,"generate_page_header":"","footnotes":""},"class_list":["post-5547","page","type-page","status-publish"],"_links":{"self":[{"href":"https:\/\/socodor.ro\/index.php\/wp-json\/wp\/v2\/pages\/5547","targetHints":{"allow":["GET"]}}],"collection":[{"href":"https:\/\/socodor.ro\/index.php\/wp-json\/wp\/v2\/pages"}],"about":[{"href":"https:\/\/socodor.ro\/index.php\/wp-json\/wp\/v2\/types\/page"}],"author":[{"embeddable":true,"href":"https:\/\/socodor.ro\/index.php\/wp-json\/wp\/v2\/users\/1"}],"replies":[{"embeddable":true,"href":"https:\/\/socodor.ro\/index.php\/wp-json\/wp\/v2\/comments?post=5547"}],"version-history":[{"count":12,"href":"https:\/\/socodor.ro\/index.php\/wp-json\/wp\/v2\/pages\/5547\/revisions"}],"predecessor-version":[{"id":5614,"href":"https:\/\/socodor.ro\/index.php\/wp-json\/wp\/v2\/pages\/5547\/revisions\/5614"}],"wp:attachment":[{"href":"https:\/\/socodor.ro\/index.php\/wp-json\/wp\/v2\/media?parent=5547"}],"curies":[{"name":"wp","href":"https:\/\/api.w.org\/{rel}","templated":true}]}}