{"id":1292,"date":"2018-03-09T08:39:45","date_gmt":"2018-03-09T06:39:45","guid":{"rendered":"https:\/\/socodor.ro\/?page_id=1292"},"modified":"2018-03-14T09:30:05","modified_gmt":"2018-03-14T07:30:05","slug":"formulare","status":"publish","type":"page","link":"https:\/\/socodor.ro\/index.php\/formulare\/","title":{"rendered":"Formulare"},"content":{"rendered":"<ul>\n<li><a href=\"https:\/\/socodor.ro\/wp-content\/uploads\/2018\/03\/Hot\u0103r\u00e2rea-nr.128-din-29.12.2017-privind-aprobarea-impozitelor-si-taxelor-locale-\u00eencepand-cu-anul-2018-3.pdf\">Hot\u0103r\u00e2rea nr.128 din 29.12.2017 privind aprobarea impozitelor si taxelor locale \u00eencepand cu anul 2018<\/a><\/li>\n<li><a href=\"https:\/\/socodor.ro\/wp-content\/uploads\/2018\/03\/Anexe-la-HCL-128-impozite-si-taxe.pdf\">Anexe la HCL 128 privind aprobarea impozitelor \u0219i taxelor locale \u00eencep\u00e2nd cu anul 2018<\/a><\/li>\n<li><a href=\"https:\/\/socodor.ro\/wp-content\/uploads\/2018\/03\/Anexa-Model-2016-ITL-001-cladiri-rezidentiale-nerez-mixt-PF-1.doc\">Declara\u021bie fiscal\u0103 pentru stabilirea impozitului\/taxei pe cl\u0103diri &#8211; persoane fizice<\/a><\/li>\n<li><a href=\"https:\/\/socodor.ro\/wp-content\/uploads\/2018\/03\/Anexa002-ITL-2016.doc\">Declara\u021bie fiscal\u0103 pentru stabilirea impozitului\/taxei pe cl\u0103dire &#8211; persoane juridice<\/a><\/li>\n<li><a href=\"https:\/\/socodor.ro\/wp-content\/uploads\/2018\/03\/Anexa003-ITL-2016.doc\">Declara\u021bie fiscal\u0103 pentru stabilirea impozitului\/taxei pe teren &#8211; persoane fizice<\/a><\/li>\n<li><a href=\"https:\/\/socodor.ro\/wp-content\/uploads\/2018\/03\/Anexa004-ITL-2016.doc\">Declara\u021bie fiscal\u0103 pentru stabilirea impozitului\/taxei pe teren &#8211; persoane juridice<\/a><\/li>\n<li><a href=\"https:\/\/socodor.ro\/wp-content\/uploads\/2018\/03\/Anexa005-ITL-2016.docx\">Declara\u021bie fiscal\u0103 pentru stabilirea impozitului\/taxei pe mijloacele de transport &#8211; persoane fizice\/juridice<\/a><\/li>\n<li><a href=\"https:\/\/socodor.ro\/wp-content\/uploads\/2018\/03\/Anexa006-ITL2016.docx\">Declara\u021bie fiscal\u0103 pentru stabilirea impozitului asupra mijloacelor de transport marf\u0103 cu masa total\u0103 autorizat\u0103 de peste 12 tone &#8211; persoane fizice\/juridice<\/a><\/li>\n<li><a href=\"https:\/\/socodor.ro\/wp-content\/uploads\/2018\/03\/Anexa007-ITL2016.docx\">Declara\u021bie fiscal\u0103 pentru stabilirea impozitului\/taxei pe mijloace de transport pe ap\u0103 &#8211; persoane fizice\/juridice<\/a><\/li>\n<li><a href=\"https:\/\/socodor.ro\/wp-content\/uploads\/2018\/03\/Anexa008-ITL2016.doc\">Decizie de impunere pentru stabilirea impozitelor\/taxelor datorate de persoanele fizice<\/a><\/li>\n<li><a href=\"https:\/\/socodor.ro\/wp-content\/uploads\/2018\/03\/Anexa009-ITL-2016.doc\">Decizie de impunere pentru stabilirea impozitelor\/taxelor datorate de persoanele juridice<\/a><\/li>\n<li><a href=\"https:\/\/socodor.ro\/wp-content\/uploads\/2018\/03\/Anexa014-ITL-2016.doc\">Declara\u021bie fiscal\u0103\/Decizie de impunere pentru stabilirea taxei pentru servicii de reclam\u0103 \u0219i publicitate<\/a><\/li>\n<li><a href=\"https:\/\/socodor.ro\/wp-content\/uploads\/2018\/03\/Anexa015-2016.doc\">Declara\u021bie fiscal\u0103\/Decizie de impunere pentru stabilirea taxei pentru afi\u0219aj \u00een scop de reclam\u0103 \u0219i publicitate<\/a><\/li>\n<li><a href=\"https:\/\/socodor.ro\/wp-content\/uploads\/2018\/03\/Anexa010-ITL-2016.doc\">Cerere pentru eliberarea unui certificat de atestare fiscal\u0103 &#8211; persoane fizice<\/a><\/li>\n<li><a href=\"https:\/\/socodor.ro\/wp-content\/uploads\/2018\/03\/Anexa011-ITL2016.doc\">Certificat de atestare fiscal\u0103 &#8211; persoane fizice<\/a><\/li>\n<li><a href=\"https:\/\/socodor.ro\/wp-content\/uploads\/2018\/03\/Anexa012-ITL-2016.doc\">Cerere pentru eliberarea unui certificat de atestare fiscal\u0103 &#8211; persoane juridice<\/a><\/li>\n<li><a href=\"https:\/\/socodor.ro\/wp-content\/uploads\/2018\/03\/Anexa013-ITL-2016.doc\">Certificat de atestare fiscal\u0103 &#8211; persoane juridice<\/a><\/li>\n<li><a href=\"https:\/\/socodor.ro\/wp-content\/uploads\/2018\/03\/Model-contract-vanzare-cumparare-auto.pdf\">Model de contract v\u00e2nzare-cumparare auto<\/a><\/li>\n<li><a href=\"https:\/\/socodor.ro\/wp-content\/uploads\/2018\/03\/fisa-de-inmatriculare-autovehicul.pdf\">Fi\u0219a de \u00eenmatriculare autovehicul<\/a><\/li>\n<li><a href=\"https:\/\/socodor.ro\/wp-content\/uploads\/2018\/03\/Documente-necesare-\u00een-vederea-eliber\u0103rii-numerelor-de-\u00eenmatriculare-\u0219i-a-certificatului-de-\u00eenregistrare-pentru-mopede.pdf\">Model certificat de \u00eenregistrare \u0219i documentele necesare \u00eenvederea eliber\u0103rii acestuia<\/a>&nbsp;<\/li>\n<\/ul>\n<p>&nbsp;<\/p>\n<p>&nbsp;<\/p>\n","protected":false},"excerpt":{"rendered":"<p>Hot\u0103r\u00e2rea nr.128 din 29.12.2017 privind aprobarea impozitelor si taxelor locale \u00eencepand cu anul 2018 Anexe la HCL 128 privind aprobarea impozitelor \u0219i taxelor locale \u00eencep\u00e2nd cu anul 2018 Declara\u021bie fiscal\u0103 pentru stabilirea impozitului\/taxei pe cl\u0103diri &#8211; persoane fizice Declara\u021bie fiscal\u0103 pentru stabilirea impozitului\/taxei pe cl\u0103dire &#8211; persoane juridice Declara\u021bie fiscal\u0103 pentru stabilirea impozitului\/taxei pe teren &#8230; <a title=\"Formulare\" class=\"read-more\" href=\"https:\/\/socodor.ro\/index.php\/formulare\/\" aria-label=\"Cite\u0219te mai multe despre Formulare\">mai mult&#8230;<\/a><\/p>\n","protected":false},"author":2,"featured_media":0,"parent":0,"menu_order":0,"comment_status":"closed","ping_status":"closed","template":"","meta":{"ngg_post_thumbnail":0,"generate_page_header":"","footnotes":""},"class_list":["post-1292","page","type-page","status-publish"],"_links":{"self":[{"href":"https:\/\/socodor.ro\/index.php\/wp-json\/wp\/v2\/pages\/1292","targetHints":{"allow":["GET"]}}],"collection":[{"href":"https:\/\/socodor.ro\/index.php\/wp-json\/wp\/v2\/pages"}],"about":[{"href":"https:\/\/socodor.ro\/index.php\/wp-json\/wp\/v2\/types\/page"}],"author":[{"embeddable":true,"href":"https:\/\/socodor.ro\/index.php\/wp-json\/wp\/v2\/users\/2"}],"replies":[{"embeddable":true,"href":"https:\/\/socodor.ro\/index.php\/wp-json\/wp\/v2\/comments?post=1292"}],"version-history":[{"count":26,"href":"https:\/\/socodor.ro\/index.php\/wp-json\/wp\/v2\/pages\/1292\/revisions"}],"predecessor-version":[{"id":1376,"href":"https:\/\/socodor.ro\/index.php\/wp-json\/wp\/v2\/pages\/1292\/revisions\/1376"}],"wp:attachment":[{"href":"https:\/\/socodor.ro\/index.php\/wp-json\/wp\/v2\/media?parent=1292"}],"curies":[{"name":"wp","href":"https:\/\/api.w.org\/{rel}","templated":true}]}}