{"id":1064,"date":"2018-01-26T16:08:29","date_gmt":"2018-01-26T14:08:29","guid":{"rendered":"https:\/\/socodor.ro\/?page_id=1064"},"modified":"2018-01-27T21:37:18","modified_gmt":"2018-01-27T19:37:18","slug":"reabilitare-pod-peste-crisul-alb","status":"publish","type":"page","link":"https:\/\/socodor.ro\/index.php\/reabilitare-pod-peste-crisul-alb\/","title":{"rendered":"Reabilitare Pod peste Cri\u0219ul Alb"},"content":{"rendered":"<p><a href=\"https:\/\/socodor.ro\/wp-content\/uploads\/2018\/01\/Reabilitare-pod-PT-part-1.pdf\">Reabilitare pod de lemn peste Cri\u0219ul Alb la Socodor Jude\u021bul Arad PT &#8211; partea I<\/a><\/p>\n<p><a href=\"https:\/\/socodor.ro\/wp-content\/uploads\/2018\/01\/Reabilitare-pod-PT-part-2.pdf\">Reabilitare pod de lemn peste Cri\u0219ul Alb la Socodor Jude\u021bul Arad PT &#8211; partea II<\/a><\/p>\n<p><a href=\"https:\/\/socodor.ro\/wp-content\/uploads\/2018\/01\/Reabilitare-pod-PT-part-3.pdf\">Reabilitare pod de lemn peste Cri\u0219ul Alb la Socodor Jude\u021bul Arad PT &#8211; partea III<\/a><\/p>\n<p><a href=\"https:\/\/socodor.ro\/wp-content\/uploads\/2018\/01\/Reabilitare-pod-PT-part-4.pdf\">Reabilitare pod de lemn peste Cri\u0219ul Alb la Socodor Jude\u021bul Arad PT- partea IV<\/a><\/p>\n<p><a href=\"https:\/\/socodor.ro\/wp-content\/uploads\/2018\/01\/Reabilitare-pod-PT-part-5.pdf\">Reabilitare pod de lemn peste Cri\u0219ul Alb la Socodor Jude\u021bul Arad PT &#8211; partea V<\/a><\/p>\n<p><a href=\"https:\/\/socodor.ro\/wp-content\/uploads\/2018\/01\/Studiu-Geotehnic.pdf\">Studiu Geotehnic privind amplasamentul&nbsp;<\/a><\/p>\n<p><a href=\"https:\/\/socodor.ro\/wp-content\/uploads\/2018\/01\/Expertiza-Tehnica.pdf\">Expertiz\u0103 tehnic\u0103<\/a><\/p>\n<p><a href=\"https:\/\/socodor.ro\/wp-content\/uploads\/2018\/01\/ANTEMASURATORI-POD-SOCODOR.pdf\">Antem\u0103sur\u0103tori pod P\u0103durea Socodor<\/a><\/p>\n<p><a href=\"https:\/\/socodor.ro\/wp-content\/uploads\/2018\/01\/Deviz-general-Pod-Socodor.pdf\">Deviz General Pod P\u0103durea Socodor<\/a><\/p>\n<p><a href=\"https:\/\/socodor.ro\/wp-content\/uploads\/2018\/01\/GRAFIC-EXECUTIE.pdf\">Grafis execu\u021bie Pod P\u0103durea Socodor<\/a><\/p>\n<p><a href=\"https:\/\/socodor.ro\/wp-content\/uploads\/2018\/01\/LISTE-CANTITATI-POD-SOCODOR-2.pdf\">Liste de cantit\u0103\u021bi pod P\u0103durea Socodor<\/a><\/p>\n","protected":false},"excerpt":{"rendered":"<p>Reabilitare pod de lemn peste Cri\u0219ul Alb la Socodor Jude\u021bul Arad PT &#8211; partea I Reabilitare pod de lemn peste Cri\u0219ul Alb la Socodor Jude\u021bul Arad PT &#8211; partea II Reabilitare pod de lemn peste Cri\u0219ul Alb la Socodor Jude\u021bul Arad PT &#8211; partea III Reabilitare pod de lemn peste Cri\u0219ul Alb la Socodor Jude\u021bul &#8230; <a title=\"Reabilitare Pod peste Cri\u0219ul Alb\" class=\"read-more\" href=\"https:\/\/socodor.ro\/index.php\/reabilitare-pod-peste-crisul-alb\/\" aria-label=\"Cite\u0219te mai multe despre Reabilitare Pod peste Cri\u0219ul Alb\">mai mult&#8230;<\/a><\/p>\n","protected":false},"author":2,"featured_media":0,"parent":0,"menu_order":0,"comment_status":"closed","ping_status":"closed","template":"","meta":{"ngg_post_thumbnail":0,"generate_page_header":"","footnotes":""},"class_list":["post-1064","page","type-page","status-publish"],"_links":{"self":[{"href":"https:\/\/socodor.ro\/index.php\/wp-json\/wp\/v2\/pages\/1064","targetHints":{"allow":["GET"]}}],"collection":[{"href":"https:\/\/socodor.ro\/index.php\/wp-json\/wp\/v2\/pages"}],"about":[{"href":"https:\/\/socodor.ro\/index.php\/wp-json\/wp\/v2\/types\/page"}],"author":[{"embeddable":true,"href":"https:\/\/socodor.ro\/index.php\/wp-json\/wp\/v2\/users\/2"}],"replies":[{"embeddable":true,"href":"https:\/\/socodor.ro\/index.php\/wp-json\/wp\/v2\/comments?post=1064"}],"version-history":[{"count":11,"href":"https:\/\/socodor.ro\/index.php\/wp-json\/wp\/v2\/pages\/1064\/revisions"}],"predecessor-version":[{"id":1088,"href":"https:\/\/socodor.ro\/index.php\/wp-json\/wp\/v2\/pages\/1064\/revisions\/1088"}],"wp:attachment":[{"href":"https:\/\/socodor.ro\/index.php\/wp-json\/wp\/v2\/media?parent=1064"}],"curies":[{"name":"wp","href":"https:\/\/api.w.org\/{rel}","templated":true}]}}